{"id":91,"date":"2013-07-29T12:22:34","date_gmt":"2013-07-29T10:22:34","guid":{"rendered":"http:\/\/www.villa-mirta.com\/wordpress\/?page_id=91"},"modified":"2022-12-07T17:01:34","modified_gmt":"2022-12-07T16:01:34","slug":"destinations","status":"publish","type":"page","link":"https:\/\/www.villa-mirta.com\/en\/destinations","title":{"rendered":"Destinations"},"content":{"rendered":"<h6 class=\"wp-block-heading\"><strong>Destinations around Starigrad Paklenica (Croatia)<\/strong><\/h6>\n\n\n\n<p><a href=\"http:\/\/www.rivijera-paklenica.hr\/en\/starigrad\">Starigrad Paklenica<\/a> is a little Croatian town located near <a href=\"http:\/\/www.zadar.hr\/category\/where-to-go\/\">Zadar<\/a>&nbsp;(40km), which is the cultural centre in the middle part of Dalmatia. This place is a perfect starting point for climbers and hikers in the National Park of Paklenica and a list of day trips:<\/p>\n\n\n\n<p><strong>Nature and Sports (Swimming, Climbing, Hiking, Rafting)<\/strong><\/p>\n\n\n\n<ul class=\"wp-block-list\">\n<li><a href=\"https:\/\/www.np-paklenica.hr\/en\" target=\"_blank\" rel=\"noopener noreferrer\">National Park of Paklenica,<\/a> (1 km)<\/li>\n\n\n\n<li><a href=\"https:\/\/raftrek.com\/tour\/zrmanja-river-kayaking\/\" target=\"_blank\" rel=\"noopener noreferrer\">Rafting on the Zrmanja river<\/a> (15 km)<\/li>\n\n\n\n<li><a href=\"https:\/\/www.np-kornati.hr\/en\" target=\"_blank\" rel=\"noopener noreferrer\">National Park Kornati islands<\/a>&nbsp;(40 km to Zadar + ship)<\/li>\n\n\n\n<li><a href=\"http:\/\/www.pp-vransko-jezero.hr\/en\/\" target=\"_blank\" rel=\"noopener noreferrer\">Vransko jezero\/ Lake Vrana<\/a> (60 km)<\/li>\n\n\n\n<li><a href=\"http:\/\/www.npkrka.hr\/en\/\" target=\"_blank\" rel=\"noopener noreferrer\">National Park Krka Waterfalls<\/a> (85 km)<\/li>\n\n\n\n<li><a href=\"https:\/\/www.np-plitvicka-jezera.hr\/en\" target=\"_blank\" rel=\"noopener noreferrer\">National Park Plitvica lakes<\/a> (120 km)<\/li>\n<\/ul>\n\n\n\n<p><strong>Culture<\/strong><\/p>\n\n\n\n<ul class=\"wp-block-list\">\n<li><a href=\"https:\/\/www.zadar.hr\/en\/experience\">Zadar<\/a> (40 km)<\/li>\n\n\n\n<li><a href=\"https:\/\/www.nin.hr\/en\" target=\"_blank\" rel=\"noopener noreferrer\">Nin<\/a> (40 km or 15 Min. with the boat)<\/li>\n\n\n\n<li><a href=\"https:\/\/www.tzgpag.hr\/en\" target=\"_blank\" rel=\"noopener noreferrer\">Pag island<\/a> (40 km or 10 Min. with the boat)<\/li>\n\n\n\n<li><a href=\"https:\/\/www.sibenik-tourism.hr\/\" target=\"_blank\" rel=\"noopener noreferrer\">\u0160ibenik<\/a> (95 km)<\/li>\n<\/ul>\n\n\n\n<div class=\"wp-block-jetpack-slideshow aligncenter\" data-effect=\"slide\"><div class=\"wp-block-jetpack-slideshow_container swiper-container\"><ul class=\"wp-block-jetpack-slideshow_swiper-wrapper swiper-wrapper\"><li class=\"wp-block-jetpack-slideshow_slide swiper-slide\"><figure><img data-recalc-dims=\"1\" loading=\"lazy\" decoding=\"async\" width=\"500\" height=\"381\" alt=\"\" class=\"wp-block-jetpack-slideshow_image wp-image-478\" data-id=\"478\" src=\"https:\/\/i0.wp.com\/www.villa-mirta.com\/wp-content\/uploads\/zadar.jpg?resize=500%2C381&#038;ssl=1\" srcset=\"https:\/\/i0.wp.com\/www.villa-mirta.com\/wp-content\/uploads\/zadar.jpg?w=500&amp;ssl=1 500w, https:\/\/i0.wp.com\/www.villa-mirta.com\/wp-content\/uploads\/zadar.jpg?resize=300%2C228&amp;ssl=1 300w, https:\/\/i0.wp.com\/www.villa-mirta.com\/wp-content\/uploads\/zadar.jpg?resize=393%2C300&amp;ssl=1 393w\" sizes=\"(max-width: 500px) 100vw, 500px\" \/><\/figure><\/li><li class=\"wp-block-jetpack-slideshow_slide swiper-slide\"><figure><img data-recalc-dims=\"1\" loading=\"lazy\" decoding=\"async\" width=\"500\" height=\"402\" alt=\"Rafting Fluss Zrmanja\" class=\"wp-block-jetpack-slideshow_image wp-image-366\" data-id=\"366\" src=\"https:\/\/i0.wp.com\/www.villa-mirta.com\/wp-content\/uploads\/meer-klettern-appartement-rafting.jpg?resize=500%2C402&#038;ssl=1\" srcset=\"https:\/\/i0.wp.com\/www.villa-mirta.com\/wp-content\/uploads\/meer-klettern-appartement-rafting.jpg?w=500&amp;ssl=1 500w, https:\/\/i0.wp.com\/www.villa-mirta.com\/wp-content\/uploads\/meer-klettern-appartement-rafting.jpg?resize=300%2C241&amp;ssl=1 300w, https:\/\/i0.wp.com\/www.villa-mirta.com\/wp-content\/uploads\/meer-klettern-appartement-rafting.jpg?resize=373%2C300&amp;ssl=1 373w\" sizes=\"(max-width: 500px) 100vw, 500px\" \/><\/figure><\/li><li class=\"wp-block-jetpack-slideshow_slide swiper-slide\"><figure><img data-recalc-dims=\"1\" loading=\"lazy\" decoding=\"async\" width=\"500\" height=\"322\" alt=\"\" class=\"wp-block-jetpack-slideshow_image wp-image-477\" data-id=\"477\" src=\"https:\/\/i0.wp.com\/www.villa-mirta.com\/wp-content\/uploads\/nin.jpg?resize=500%2C322&#038;ssl=1\" srcset=\"https:\/\/i0.wp.com\/www.villa-mirta.com\/wp-content\/uploads\/nin.jpg?w=500&amp;ssl=1 500w, https:\/\/i0.wp.com\/www.villa-mirta.com\/wp-content\/uploads\/nin.jpg?resize=300%2C193&amp;ssl=1 300w, https:\/\/i0.wp.com\/www.villa-mirta.com\/wp-content\/uploads\/nin.jpg?resize=465%2C300&amp;ssl=1 465w\" sizes=\"(max-width: 500px) 100vw, 500px\" \/><\/figure><\/li><li class=\"wp-block-jetpack-slideshow_slide swiper-slide\"><figure><img data-recalc-dims=\"1\" loading=\"lazy\" decoding=\"async\" width=\"500\" height=\"343\" alt=\"Kanu fahren\" class=\"wp-block-jetpack-slideshow_image wp-image-364\" data-id=\"364\" src=\"https:\/\/i0.wp.com\/www.villa-mirta.com\/wp-content\/uploads\/meer-klettern-appartement-kanu.jpg?resize=500%2C343&#038;ssl=1\" srcset=\"https:\/\/i0.wp.com\/www.villa-mirta.com\/wp-content\/uploads\/meer-klettern-appartement-kanu.jpg?w=500&amp;ssl=1 500w, https:\/\/i0.wp.com\/www.villa-mirta.com\/wp-content\/uploads\/meer-klettern-appartement-kanu.jpg?resize=300%2C205&amp;ssl=1 300w, https:\/\/i0.wp.com\/www.villa-mirta.com\/wp-content\/uploads\/meer-klettern-appartement-kanu.jpg?resize=437%2C300&amp;ssl=1 437w\" sizes=\"(max-width: 500px) 100vw, 500px\" \/><\/figure><\/li><li class=\"wp-block-jetpack-slideshow_slide swiper-slide\"><figure><img data-recalc-dims=\"1\" loading=\"lazy\" decoding=\"async\" width=\"500\" height=\"394\" alt=\"Meer &amp; Klettern in Kroatien\" class=\"wp-block-jetpack-slideshow_image wp-image-363\" data-id=\"363\" src=\"https:\/\/i0.wp.com\/www.villa-mirta.com\/wp-content\/uploads\/meer-klettern-appartement-climbing.jpg?resize=500%2C394&#038;ssl=1\" srcset=\"https:\/\/i0.wp.com\/www.villa-mirta.com\/wp-content\/uploads\/meer-klettern-appartement-climbing.jpg?w=500&amp;ssl=1 500w, https:\/\/i0.wp.com\/www.villa-mirta.com\/wp-content\/uploads\/meer-klettern-appartement-climbing.jpg?resize=300%2C236&amp;ssl=1 300w, https:\/\/i0.wp.com\/www.villa-mirta.com\/wp-content\/uploads\/meer-klettern-appartement-climbing.jpg?resize=380%2C300&amp;ssl=1 380w\" sizes=\"(max-width: 500px) 100vw, 500px\" \/><\/figure><\/li><li class=\"wp-block-jetpack-slideshow_slide swiper-slide\"><figure><img data-recalc-dims=\"1\" loading=\"lazy\" decoding=\"async\" width=\"500\" height=\"667\" alt=\"Wandern in Paklenica\" class=\"wp-block-jetpack-slideshow_image wp-image-215\" data-id=\"215\" src=\"https:\/\/i0.wp.com\/www.villa-mirta.com\/wp-content\/uploads\/klettern-wandern-paklenica-natur.jpg?resize=500%2C667&#038;ssl=1\" srcset=\"https:\/\/i0.wp.com\/www.villa-mirta.com\/wp-content\/uploads\/klettern-wandern-paklenica-natur.jpg?w=500&amp;ssl=1 500w, https:\/\/i0.wp.com\/www.villa-mirta.com\/wp-content\/uploads\/klettern-wandern-paklenica-natur.jpg?resize=224%2C300&amp;ssl=1 224w\" sizes=\"(max-width: 500px) 100vw, 500px\" \/><\/figure><\/li><\/ul><a class=\"wp-block-jetpack-slideshow_button-prev swiper-button-prev swiper-button-white\" role=\"button\"><\/a><a class=\"wp-block-jetpack-slideshow_button-next swiper-button-next swiper-button-white\" role=\"button\"><\/a><a aria-label=\"Pause Slideshow\" class=\"wp-block-jetpack-slideshow_button-pause\" role=\"button\"><\/a><div class=\"wp-block-jetpack-slideshow_pagination swiper-pagination swiper-pagination-white\"><\/div><\/div><\/div>","protected":false},"excerpt":{"rendered":"<p>Ausflugsziele rund um Starigrad Paklenica (Kroatien) Starigrad Paklenica ist ein kleiner kroatischer Ort an der K\u00fcste und befindet sich in der N\u00e4he der Stadt Zadar&nbsp;(40 km), die das kulturelle Zentrum von Mitteldalmatien ist. Der Ort ist der ideale Ausgangspunkt f\u00fcr Kletterer und Wanderer in den Nationalpark Paklenica und f\u00fcr eine Reihe von Tagesausfl\u00fcgen: Natur und &hellip; <\/p>\n<p class=\"link-more\"><a href=\"https:\/\/www.villa-mirta.com\/en\/destinations\" class=\"more-link\">Continue reading<span class=\"screen-reader-text\"> &#8222;Ausflugsziele&#8220;<\/span><\/a><\/p>","protected":false},"author":1,"featured_media":0,"parent":0,"menu_order":0,"comment_status":"closed","ping_status":"closed","template":"","meta":{"footnotes":""},"class_list":["post-91","page","type-page","status-publish","hentry"],"yoast_head":"<!-- This site is optimized with the Yoast SEO plugin v27.3 - https:\/\/yoast.com\/product\/yoast-seo-wordpress\/ -->\n<title>Ausflugsziele \u00b0 Villa Mirta - Appartements in Kroatien<\/title>\n<meta name=\"description\" content=\"{:de}Meer &amp; Klettern in Kroatien: Aktiv- und Abenteuerurlaub in Starigrad Paklenica (Kroatien) f\u00fcr Familien, Kletterer, Sportler und Naturfreunde{:en}Die beliebtesten Ausflugsziele Starigrads und von Paklenica. Wir vermieten Appartements in Kroatien f\u00fcr 2-5 Personen.{:}\" \/>\n<meta name=\"robots\" content=\"index, follow, max-snippet:-1, max-image-preview:large, max-video-preview:-1\" \/>\n<link rel=\"canonical\" href=\"https:\/\/www.villa-mirta.com\/en\/destinations\/\" \/>\n<meta property=\"og:locale\" content=\"en_GB\" \/>\n<meta property=\"og:type\" content=\"article\" \/>\n<meta property=\"og:title\" content=\"Ausflugsziele \u00b0 Villa Mirta - Appartements in Kroatien\" \/>\n<meta property=\"og:description\" content=\"{:de}Meer &amp; Klettern in Kroatien: Aktiv- und Abenteuerurlaub in Starigrad Paklenica (Kroatien) f\u00fcr Familien, Kletterer, Sportler und Naturfreunde{:en}Die beliebtesten Ausflugsziele Starigrads und von Paklenica. Wir vermieten Appartements in Kroatien f\u00fcr 2-5 Personen.{:}\" \/>\n<meta property=\"og:url\" content=\"https:\/\/www.villa-mirta.com\/en\/destinations\/\" \/>\n<meta property=\"og:site_name\" content=\"Villa Mirta - Appartements in Kroatien\" \/>\n<meta property=\"article:publisher\" content=\"https:\/\/www.facebook.com\/VillaMirtaStarigradPaklenica\/\" \/>\n<meta property=\"article:modified_time\" content=\"2022-12-07T16:01:34+00:00\" \/>\n<meta property=\"og:image\" content=\"https:\/\/www.villa-mirta.com\/wp-content\/uploads\/zadar.jpg\" \/>\n<meta name=\"twitter:label1\" content=\"Estimated reading time\" \/>\n\t<meta name=\"twitter:data1\" content=\"2 minutes\" \/>\n<script type=\"application\/ld+json\" class=\"yoast-schema-graph\">{\"@context\":\"https:\\\/\\\/schema.org\",\"@graph\":[{\"@type\":\"WebPage\",\"@id\":\"https:\\\/\\\/www.villa-mirta.com\\\/destinations\",\"url\":\"https:\\\/\\\/www.villa-mirta.com\\\/destinations\",\"name\":\"Ausflugsziele \u00b0 Villa Mirta - Appartements in Kroatien\",\"isPartOf\":{\"@id\":\"https:\\\/\\\/www.villa-mirta.com\\\/#website\"},\"primaryImageOfPage\":{\"@id\":\"https:\\\/\\\/www.villa-mirta.com\\\/destinations#primaryimage\"},\"image\":{\"@id\":\"https:\\\/\\\/www.villa-mirta.com\\\/destinations#primaryimage\"},\"thumbnailUrl\":\"https:\\\/\\\/www.villa-mirta.com\\\/wp-content\\\/uploads\\\/zadar.jpg\",\"datePublished\":\"2013-07-29T10:22:34+00:00\",\"dateModified\":\"2022-12-07T16:01:34+00:00\",\"description\":\"{:de}Meer & Klettern in Kroatien: Aktiv- und Abenteuerurlaub in Starigrad Paklenica (Kroatien) f\u00fcr Familien, Kletterer, Sportler und Naturfreunde{:en}Die beliebtesten Ausflugsziele Starigrads und von Paklenica. Wir vermieten Appartements in Kroatien f\u00fcr 2-5 Personen.{:}\",\"inLanguage\":\"en-GB\",\"potentialAction\":[{\"@type\":\"ReadAction\",\"target\":[\"https:\\\/\\\/www.villa-mirta.com\\\/destinations\"]}]},{\"@type\":\"ImageObject\",\"inLanguage\":\"en-GB\",\"@id\":\"https:\\\/\\\/www.villa-mirta.com\\\/destinations#primaryimage\",\"url\":\"https:\\\/\\\/www.villa-mirta.com\\\/wp-content\\\/uploads\\\/zadar.jpg\",\"contentUrl\":\"https:\\\/\\\/www.villa-mirta.com\\\/wp-content\\\/uploads\\\/zadar.jpg\"},{\"@type\":\"WebSite\",\"@id\":\"https:\\\/\\\/www.villa-mirta.com\\\/#website\",\"url\":\"https:\\\/\\\/www.villa-mirta.com\\\/\",\"name\":\"Villa Mirta - Appartements in Kroatien\",\"description\":\"Abenteuerurlaub f\u00fcr Familien, Kletterer und Naturfreunde\",\"potentialAction\":[{\"@type\":\"SearchAction\",\"target\":{\"@type\":\"EntryPoint\",\"urlTemplate\":\"https:\\\/\\\/www.villa-mirta.com\\\/?s={search_term_string}\"},\"query-input\":{\"@type\":\"PropertyValueSpecification\",\"valueRequired\":true,\"valueName\":\"search_term_string\"}}],\"inLanguage\":\"en-GB\"}]}<\/script>\n<!-- \/ Yoast SEO plugin. -->","yoast_head_json":{"title":"Ausflugsziele \u00b0 Villa Mirta - Appartements in Kroatien","description":"{:de}Meer & Klettern in Kroatien: Aktiv- und Abenteuerurlaub in Starigrad Paklenica (Kroatien) f\u00fcr Familien, Kletterer, Sportler und Naturfreunde{:en}Die beliebtesten Ausflugsziele Starigrads und von Paklenica. Wir vermieten Appartements in Kroatien f\u00fcr 2-5 Personen.{:}","robots":{"index":"index","follow":"follow","max-snippet":"max-snippet:-1","max-image-preview":"max-image-preview:large","max-video-preview":"max-video-preview:-1"},"canonical":"https:\/\/www.villa-mirta.com\/en\/destinations\/","og_locale":"en_GB","og_type":"article","og_title":"Ausflugsziele \u00b0 Villa Mirta - Appartements in Kroatien","og_description":"{:de}Meer & Klettern in Kroatien: Aktiv- und Abenteuerurlaub in Starigrad Paklenica (Kroatien) f\u00fcr Familien, Kletterer, Sportler und Naturfreunde{:en}Die beliebtesten Ausflugsziele Starigrads und von Paklenica. Wir vermieten Appartements in Kroatien f\u00fcr 2-5 Personen.{:}","og_url":"https:\/\/www.villa-mirta.com\/en\/destinations\/","og_site_name":"Villa Mirta - Appartements in Kroatien","article_publisher":"https:\/\/www.facebook.com\/VillaMirtaStarigradPaklenica\/","article_modified_time":"2022-12-07T16:01:34+00:00","og_image":[{"url":"https:\/\/www.villa-mirta.com\/wp-content\/uploads\/zadar.jpg","type":"","width":"","height":""}],"twitter_misc":{"Estimated reading time":"2 minutes"},"schema":{"@context":"https:\/\/schema.org","@graph":[{"@type":"WebPage","@id":"https:\/\/www.villa-mirta.com\/destinations","url":"https:\/\/www.villa-mirta.com\/destinations","name":"Ausflugsziele \u00b0 Villa Mirta - Appartements in Kroatien","isPartOf":{"@id":"https:\/\/www.villa-mirta.com\/#website"},"primaryImageOfPage":{"@id":"https:\/\/www.villa-mirta.com\/destinations#primaryimage"},"image":{"@id":"https:\/\/www.villa-mirta.com\/destinations#primaryimage"},"thumbnailUrl":"https:\/\/www.villa-mirta.com\/wp-content\/uploads\/zadar.jpg","datePublished":"2013-07-29T10:22:34+00:00","dateModified":"2022-12-07T16:01:34+00:00","description":"{:de}Meer & Klettern in Kroatien: Aktiv- und Abenteuerurlaub in Starigrad Paklenica (Kroatien) f\u00fcr Familien, Kletterer, Sportler und Naturfreunde{:en}Die beliebtesten Ausflugsziele Starigrads und von Paklenica. Wir vermieten Appartements in Kroatien f\u00fcr 2-5 Personen.{:}","inLanguage":"en-GB","potentialAction":[{"@type":"ReadAction","target":["https:\/\/www.villa-mirta.com\/destinations"]}]},{"@type":"ImageObject","inLanguage":"en-GB","@id":"https:\/\/www.villa-mirta.com\/destinations#primaryimage","url":"https:\/\/www.villa-mirta.com\/wp-content\/uploads\/zadar.jpg","contentUrl":"https:\/\/www.villa-mirta.com\/wp-content\/uploads\/zadar.jpg"},{"@type":"WebSite","@id":"https:\/\/www.villa-mirta.com\/#website","url":"https:\/\/www.villa-mirta.com\/","name":"Villa Mirta - Appartements in Kroatien","description":"Adventure holiday for families, climbers and lovers of the nature","potentialAction":[{"@type":"SearchAction","target":{"@type":"EntryPoint","urlTemplate":"https:\/\/www.villa-mirta.com\/?s={search_term_string}"},"query-input":{"@type":"PropertyValueSpecification","valueRequired":true,"valueName":"search_term_string"}}],"inLanguage":"en-GB"}]}},"jetpack_sharing_enabled":true,"_links":{"self":[{"href":"https:\/\/www.villa-mirta.com\/en\/wp-json\/wp\/v2\/pages\/91","targetHints":{"allow":["GET"]}}],"collection":[{"href":"https:\/\/www.villa-mirta.com\/en\/wp-json\/wp\/v2\/pages"}],"about":[{"href":"https:\/\/www.villa-mirta.com\/en\/wp-json\/wp\/v2\/types\/page"}],"author":[{"embeddable":true,"href":"https:\/\/www.villa-mirta.com\/en\/wp-json\/wp\/v2\/users\/1"}],"replies":[{"embeddable":true,"href":"https:\/\/www.villa-mirta.com\/en\/wp-json\/wp\/v2\/comments?post=91"}],"version-history":[{"count":3,"href":"https:\/\/www.villa-mirta.com\/en\/wp-json\/wp\/v2\/pages\/91\/revisions"}],"predecessor-version":[{"id":1350,"href":"https:\/\/www.villa-mirta.com\/en\/wp-json\/wp\/v2\/pages\/91\/revisions\/1350"}],"wp:attachment":[{"href":"https:\/\/www.villa-mirta.com\/en\/wp-json\/wp\/v2\/media?parent=91"}],"curies":[{"name":"wp","href":"https:\/\/api.w.org\/{rel}","templated":true}]}}