{"id":24,"date":"2013-07-29T09:52:02","date_gmt":"2013-07-29T07:52:02","guid":{"rendered":"http:\/\/www.villa-mirta.com\/wordpress\/?page_id=24"},"modified":"2026-04-08T09:12:58","modified_gmt":"2026-04-08T07:12:58","slug":"apartment-seashell-starigrad-paklenica","status":"publish","type":"page","link":"https:\/\/www.villa-mirta.com\/en\/apartment-seashell-starigrad-paklenica","title":{"rendered":"Apt. Sea Shell"},"content":{"rendered":"<h6 class=\"wp-block-heading has-medium-font-size\">VILLA MIRTA: SWIMMING and CLIMBING<br><strong>Activity holiday in Croatia<\/strong><\/h6>\n\n\n\n<p class=\"has-medium-font-size\"><strong>Relaxation for TWO in the studio on the ground floor (24 m\u00b2)<\/strong><br>Double bed, small kitchen, bathroom with shower and toilet, terrace with access to the garden, SAT-TV, WLAN, air-conditioner. Towels and bed linen included.<\/p>\n\n\n\n<div class=\"wp-block-jetpack-slideshow aligncenter\" data-effect=\"slide\"><div class=\"wp-block-jetpack-slideshow_container swiper\"><ul class=\"wp-block-jetpack-slideshow_swiper-wrapper swiper-wrapper\"><li class=\"wp-block-jetpack-slideshow_slide swiper-slide\"><figure><img data-recalc-dims=\"1\" loading=\"lazy\" decoding=\"async\" width=\"525\" height=\"394\" alt=\"\" class=\"wp-block-jetpack-slideshow_image wp-image-1449\" data-id=\"1449\" src=\"https:\/\/i0.wp.com\/www.villa-mirta.com\/wp-content\/uploads\/studio-bett.jpeg?resize=525%2C394&#038;ssl=1\" srcset=\"https:\/\/i0.wp.com\/www.villa-mirta.com\/wp-content\/uploads\/studio-bett.jpeg?w=2000&amp;ssl=1 2000w, https:\/\/i0.wp.com\/www.villa-mirta.com\/wp-content\/uploads\/studio-bett.jpeg?resize=300%2C225&amp;ssl=1 300w, https:\/\/i0.wp.com\/www.villa-mirta.com\/wp-content\/uploads\/studio-bett.jpeg?resize=1024%2C768&amp;ssl=1 1024w, https:\/\/i0.wp.com\/www.villa-mirta.com\/wp-content\/uploads\/studio-bett.jpeg?resize=768%2C576&amp;ssl=1 768w, https:\/\/i0.wp.com\/www.villa-mirta.com\/wp-content\/uploads\/studio-bett.jpeg?resize=1536%2C1152&amp;ssl=1 1536w, https:\/\/i0.wp.com\/www.villa-mirta.com\/wp-content\/uploads\/studio-bett.jpeg?resize=16%2C12&amp;ssl=1 16w\" sizes=\"(max-width: 767px) 89vw, (max-width: 1000px) 54vw, (max-width: 1071px) 543px, 580px\" \/><figcaption class=\"wp-block-jetpack-slideshow_caption gallery-caption\">Apt. Sea Shell<\/figcaption><\/figure><\/li><li class=\"wp-block-jetpack-slideshow_slide swiper-slide\"><figure><img data-recalc-dims=\"1\" loading=\"lazy\" decoding=\"async\" width=\"525\" height=\"394\" alt=\"\" class=\"wp-block-jetpack-slideshow_image wp-image-1451\" data-id=\"1451\" src=\"https:\/\/i0.wp.com\/www.villa-mirta.com\/wp-content\/uploads\/studio-kueche.jpeg?resize=525%2C394&#038;ssl=1\" srcset=\"https:\/\/i0.wp.com\/www.villa-mirta.com\/wp-content\/uploads\/studio-kueche.jpeg?w=2000&amp;ssl=1 2000w, https:\/\/i0.wp.com\/www.villa-mirta.com\/wp-content\/uploads\/studio-kueche.jpeg?resize=300%2C225&amp;ssl=1 300w, https:\/\/i0.wp.com\/www.villa-mirta.com\/wp-content\/uploads\/studio-kueche.jpeg?resize=1024%2C768&amp;ssl=1 1024w, https:\/\/i0.wp.com\/www.villa-mirta.com\/wp-content\/uploads\/studio-kueche.jpeg?resize=768%2C576&amp;ssl=1 768w, https:\/\/i0.wp.com\/www.villa-mirta.com\/wp-content\/uploads\/studio-kueche.jpeg?resize=1536%2C1152&amp;ssl=1 1536w, https:\/\/i0.wp.com\/www.villa-mirta.com\/wp-content\/uploads\/studio-kueche.jpeg?resize=16%2C12&amp;ssl=1 16w\" sizes=\"(max-width: 767px) 89vw, (max-width: 1000px) 54vw, (max-width: 1071px) 543px, 580px\" \/><figcaption class=\"wp-block-jetpack-slideshow_caption gallery-caption\">Apt. Sea Shell<\/figcaption><\/figure><\/li><li class=\"wp-block-jetpack-slideshow_slide swiper-slide\"><figure><img data-recalc-dims=\"1\" loading=\"lazy\" decoding=\"async\" width=\"525\" height=\"394\" alt=\"\" class=\"wp-block-jetpack-slideshow_image wp-image-1450\" data-id=\"1450\" src=\"https:\/\/i0.wp.com\/www.villa-mirta.com\/wp-content\/uploads\/studio-kueche-bett.jpeg?resize=525%2C394&#038;ssl=1\" srcset=\"https:\/\/i0.wp.com\/www.villa-mirta.com\/wp-content\/uploads\/studio-kueche-bett.jpeg?w=2000&amp;ssl=1 2000w, https:\/\/i0.wp.com\/www.villa-mirta.com\/wp-content\/uploads\/studio-kueche-bett.jpeg?resize=300%2C225&amp;ssl=1 300w, https:\/\/i0.wp.com\/www.villa-mirta.com\/wp-content\/uploads\/studio-kueche-bett.jpeg?resize=1024%2C768&amp;ssl=1 1024w, https:\/\/i0.wp.com\/www.villa-mirta.com\/wp-content\/uploads\/studio-kueche-bett.jpeg?resize=768%2C576&amp;ssl=1 768w, https:\/\/i0.wp.com\/www.villa-mirta.com\/wp-content\/uploads\/studio-kueche-bett.jpeg?resize=1536%2C1152&amp;ssl=1 1536w, https:\/\/i0.wp.com\/www.villa-mirta.com\/wp-content\/uploads\/studio-kueche-bett.jpeg?resize=16%2C12&amp;ssl=1 16w\" sizes=\"(max-width: 767px) 89vw, (max-width: 1000px) 54vw, (max-width: 1071px) 543px, 580px\" \/><figcaption class=\"wp-block-jetpack-slideshow_caption gallery-caption\">Apt. Sea Shell<\/figcaption><\/figure><\/li><li class=\"wp-block-jetpack-slideshow_slide swiper-slide\"><figure><img data-recalc-dims=\"1\" loading=\"lazy\" decoding=\"async\" width=\"525\" height=\"394\" alt=\"\" class=\"wp-block-jetpack-slideshow_image wp-image-1452\" data-id=\"1452\" src=\"https:\/\/i0.wp.com\/www.villa-mirta.com\/wp-content\/uploads\/studio-schrank.jpeg?resize=525%2C394&#038;ssl=1\" srcset=\"https:\/\/i0.wp.com\/www.villa-mirta.com\/wp-content\/uploads\/studio-schrank.jpeg?w=2000&amp;ssl=1 2000w, https:\/\/i0.wp.com\/www.villa-mirta.com\/wp-content\/uploads\/studio-schrank.jpeg?resize=300%2C225&amp;ssl=1 300w, https:\/\/i0.wp.com\/www.villa-mirta.com\/wp-content\/uploads\/studio-schrank.jpeg?resize=1024%2C768&amp;ssl=1 1024w, https:\/\/i0.wp.com\/www.villa-mirta.com\/wp-content\/uploads\/studio-schrank.jpeg?resize=768%2C576&amp;ssl=1 768w, https:\/\/i0.wp.com\/www.villa-mirta.com\/wp-content\/uploads\/studio-schrank.jpeg?resize=1536%2C1152&amp;ssl=1 1536w, https:\/\/i0.wp.com\/www.villa-mirta.com\/wp-content\/uploads\/studio-schrank.jpeg?resize=16%2C12&amp;ssl=1 16w\" sizes=\"(max-width: 767px) 89vw, (max-width: 1000px) 54vw, (max-width: 1071px) 543px, 580px\" \/><figcaption class=\"wp-block-jetpack-slideshow_caption gallery-caption\">Apt. Sea Shell<\/figcaption><\/figure><\/li><li class=\"wp-block-jetpack-slideshow_slide swiper-slide\"><figure><img data-recalc-dims=\"1\" loading=\"lazy\" decoding=\"async\" width=\"525\" height=\"788\" alt=\"\" class=\"wp-block-jetpack-slideshow_image wp-image-914\" data-id=\"914\" src=\"https:\/\/i0.wp.com\/www.villa-mirta.com\/wp-content\/uploads\/IMG_4147.jpg?resize=525%2C788&#038;ssl=1\" srcset=\"https:\/\/i0.wp.com\/www.villa-mirta.com\/wp-content\/uploads\/IMG_4147.jpg?w=1280&amp;ssl=1 1280w, https:\/\/i0.wp.com\/www.villa-mirta.com\/wp-content\/uploads\/IMG_4147.jpg?resize=200%2C300&amp;ssl=1 200w, https:\/\/i0.wp.com\/www.villa-mirta.com\/wp-content\/uploads\/IMG_4147.jpg?resize=768%2C1152&amp;ssl=1 768w, https:\/\/i0.wp.com\/www.villa-mirta.com\/wp-content\/uploads\/IMG_4147.jpg?resize=683%2C1024&amp;ssl=1 683w, https:\/\/i0.wp.com\/www.villa-mirta.com\/wp-content\/uploads\/IMG_4147.jpg?w=1050&amp;ssl=1 1050w\" sizes=\"(max-width: 767px) 89vw, (max-width: 1000px) 54vw, (max-width: 1071px) 543px, 580px\" \/><figcaption class=\"wp-block-jetpack-slideshow_caption gallery-caption\">Apt. Sea Shell - Bathroom<\/figcaption><\/figure><\/li><li class=\"wp-block-jetpack-slideshow_slide swiper-slide\"><figure><img data-recalc-dims=\"1\" loading=\"lazy\" decoding=\"async\" width=\"525\" height=\"700\" alt=\"\" class=\"wp-block-jetpack-slideshow_image wp-image-1403\" data-id=\"1403\" src=\"https:\/\/i0.wp.com\/www.villa-mirta.com\/wp-content\/uploads\/20230423_131856-scaled.jpg?resize=525%2C700&#038;ssl=1\" srcset=\"https:\/\/i0.wp.com\/www.villa-mirta.com\/wp-content\/uploads\/20230423_131856-scaled.jpg?w=1920&amp;ssl=1 1920w, https:\/\/i0.wp.com\/www.villa-mirta.com\/wp-content\/uploads\/20230423_131856-scaled.jpg?resize=225%2C300&amp;ssl=1 225w, https:\/\/i0.wp.com\/www.villa-mirta.com\/wp-content\/uploads\/20230423_131856-scaled.jpg?resize=768%2C1024&amp;ssl=1 768w, https:\/\/i0.wp.com\/www.villa-mirta.com\/wp-content\/uploads\/20230423_131856-scaled.jpg?resize=1152%2C1536&amp;ssl=1 1152w, https:\/\/i0.wp.com\/www.villa-mirta.com\/wp-content\/uploads\/20230423_131856-scaled.jpg?resize=1536%2C2048&amp;ssl=1 1536w, https:\/\/i0.wp.com\/www.villa-mirta.com\/wp-content\/uploads\/20230423_131856-scaled.jpg?resize=9%2C12&amp;ssl=1 9w, https:\/\/i0.wp.com\/www.villa-mirta.com\/wp-content\/uploads\/20230423_131856-scaled.jpg?w=1050&amp;ssl=1 1050w\" sizes=\"(max-width: 767px) 89vw, (max-width: 1000px) 54vw, (max-width: 1071px) 543px, 580px\" \/><figcaption class=\"wp-block-jetpack-slideshow_caption gallery-caption\">Apt. Muschel &#8211; Bad\/Bath<\/figcaption><\/figure><\/li><li class=\"wp-block-jetpack-slideshow_slide swiper-slide\"><figure><img data-recalc-dims=\"1\" loading=\"lazy\" decoding=\"async\" width=\"525\" height=\"350\" alt=\"\" class=\"wp-block-jetpack-slideshow_image wp-image-1072\" data-id=\"1072\" src=\"https:\/\/i0.wp.com\/www.villa-mirta.com\/wp-content\/uploads\/IMG_4919.jpg?resize=525%2C350&#038;ssl=1\" srcset=\"https:\/\/i0.wp.com\/www.villa-mirta.com\/wp-content\/uploads\/IMG_4919.jpg?w=1920&amp;ssl=1 1920w, https:\/\/i0.wp.com\/www.villa-mirta.com\/wp-content\/uploads\/IMG_4919.jpg?resize=300%2C200&amp;ssl=1 300w, https:\/\/i0.wp.com\/www.villa-mirta.com\/wp-content\/uploads\/IMG_4919.jpg?resize=768%2C512&amp;ssl=1 768w, https:\/\/i0.wp.com\/www.villa-mirta.com\/wp-content\/uploads\/IMG_4919.jpg?resize=1024%2C683&amp;ssl=1 1024w, https:\/\/i0.wp.com\/www.villa-mirta.com\/wp-content\/uploads\/IMG_4919.jpg?w=1575&amp;ssl=1 1575w\" sizes=\"(max-width: 767px) 89vw, (max-width: 1000px) 54vw, (max-width: 1071px) 543px, 580px\" \/><figcaption class=\"wp-block-jetpack-slideshow_caption gallery-caption\">Apt. Sea Shell - Relaxation for two<\/figcaption><\/figure><\/li><li class=\"wp-block-jetpack-slideshow_slide swiper-slide\"><figure><img data-recalc-dims=\"1\" loading=\"lazy\" decoding=\"async\" width=\"525\" height=\"350\" alt=\"\" class=\"wp-block-jetpack-slideshow_image wp-image-1075\" data-id=\"1075\" src=\"https:\/\/i0.wp.com\/www.villa-mirta.com\/wp-content\/uploads\/IMG_4918.jpg?resize=525%2C350&#038;ssl=1\" srcset=\"https:\/\/i0.wp.com\/www.villa-mirta.com\/wp-content\/uploads\/IMG_4918.jpg?w=1920&amp;ssl=1 1920w, https:\/\/i0.wp.com\/www.villa-mirta.com\/wp-content\/uploads\/IMG_4918.jpg?resize=300%2C200&amp;ssl=1 300w, https:\/\/i0.wp.com\/www.villa-mirta.com\/wp-content\/uploads\/IMG_4918.jpg?resize=768%2C512&amp;ssl=1 768w, https:\/\/i0.wp.com\/www.villa-mirta.com\/wp-content\/uploads\/IMG_4918.jpg?resize=1024%2C683&amp;ssl=1 1024w, https:\/\/i0.wp.com\/www.villa-mirta.com\/wp-content\/uploads\/IMG_4918.jpg?w=1575&amp;ssl=1 1575w\" sizes=\"(max-width: 767px) 89vw, (max-width: 1000px) 54vw, (max-width: 1071px) 543px, 580px\" \/><figcaption class=\"wp-block-jetpack-slideshow_caption gallery-caption\">Apt. Sea Shell - View into the garden<\/figcaption><\/figure><\/li><li class=\"wp-block-jetpack-slideshow_slide swiper-slide\"><figure><img data-recalc-dims=\"1\" loading=\"lazy\" decoding=\"async\" width=\"525\" height=\"394\" alt=\"\" class=\"wp-block-jetpack-slideshow_image wp-image-576\" data-id=\"576\" src=\"https:\/\/i0.wp.com\/www.villa-mirta.com\/wp-content\/uploads\/vrt.jpg?resize=525%2C394&#038;ssl=1\" srcset=\"https:\/\/i0.wp.com\/www.villa-mirta.com\/wp-content\/uploads\/vrt.jpg?w=960&amp;ssl=1 960w, https:\/\/i0.wp.com\/www.villa-mirta.com\/wp-content\/uploads\/vrt.jpg?resize=300%2C225&amp;ssl=1 300w, https:\/\/i0.wp.com\/www.villa-mirta.com\/wp-content\/uploads\/vrt.jpg?resize=400%2C300&amp;ssl=1 400w\" sizes=\"(max-width: 767px) 89vw, (max-width: 1000px) 54vw, (max-width: 1071px) 543px, 580px\" \/><figcaption class=\"wp-block-jetpack-slideshow_caption gallery-caption\">Villa Mirta: Garden<\/figcaption><\/figure><\/li><li class=\"wp-block-jetpack-slideshow_slide swiper-slide\"><figure><img data-recalc-dims=\"1\" loading=\"lazy\" decoding=\"async\" width=\"525\" height=\"394\" alt=\"Villa Mirta Starigrad Garten\" class=\"wp-block-jetpack-slideshow_image wp-image-1262\" data-id=\"1262\" src=\"https:\/\/i0.wp.com\/www.villa-mirta.com\/wp-content\/uploads\/IMG-20200407-WA0011.jpg?resize=525%2C394&#038;ssl=1\" srcset=\"https:\/\/i0.wp.com\/www.villa-mirta.com\/wp-content\/uploads\/IMG-20200407-WA0011.jpg?w=1600&amp;ssl=1 1600w, https:\/\/i0.wp.com\/www.villa-mirta.com\/wp-content\/uploads\/IMG-20200407-WA0011.jpg?resize=300%2C225&amp;ssl=1 300w, https:\/\/i0.wp.com\/www.villa-mirta.com\/wp-content\/uploads\/IMG-20200407-WA0011.jpg?resize=1024%2C768&amp;ssl=1 1024w, https:\/\/i0.wp.com\/www.villa-mirta.com\/wp-content\/uploads\/IMG-20200407-WA0011.jpg?resize=768%2C576&amp;ssl=1 768w, https:\/\/i0.wp.com\/www.villa-mirta.com\/wp-content\/uploads\/IMG-20200407-WA0011.jpg?resize=1536%2C1152&amp;ssl=1 1536w, https:\/\/i0.wp.com\/www.villa-mirta.com\/wp-content\/uploads\/IMG-20200407-WA0011.jpg?resize=16%2C12&amp;ssl=1 16w\" sizes=\"(max-width: 767px) 89vw, (max-width: 1000px) 54vw, (max-width: 1071px) 543px, 580px\" \/><figcaption class=\"wp-block-jetpack-slideshow_caption gallery-caption\">Villa Mirta Urlaub Kroatien Garten<\/figcaption><\/figure><\/li><\/ul><a class=\"wp-block-jetpack-slideshow_button-prev swiper-button-prev swiper-button-white\" role=\"button\"><\/a><a class=\"wp-block-jetpack-slideshow_button-next swiper-button-next swiper-button-white\" role=\"button\"><\/a><a aria-label=\"Pause Slideshow\" class=\"wp-block-jetpack-slideshow_button-pause\" role=\"button\"><\/a><div class=\"wp-block-jetpack-slideshow_pagination swiper-pagination swiper-pagination-white\"><\/div><\/div><\/div>\n\n\n\n<p>Prices:<\/p>\n\n\n\n<p>\u20ac 40,- bis 30.06.; ab 01.09.<br>\u20ac 50,- 01.07.-31.08.<\/p>\n\n\n\n<p class=\"has-small-font-size\"><em>In the Kitchen available: dishwasher, coffee machine, kettle, cooking pot, pan, dishes (for soup, meat and desserts), cutlery, wine glasses, coffee and tea cups, knifes for bread, meat etc., wooden spoon, ladle, sieve, salad bowl, can opener, corkscrew, dishtowel, tablet<\/em><\/p>","protected":false},"excerpt":{"rendered":"<p>VILLA MIRTA: MEER und KLETTERNAktivurlaub in Kroatien Entspannen Sie zu ZWEIT im Studio im Erdgeschoss (24 m\u00b2)Doppelbett, K\u00fcche, Bad mit Dusche und WC, Terrasse, direkter Zugang zum Garten, SAT TV, WLAN, Klimaanlage. Handt\u00fccher und Bettw\u00e4sche inkludiert. Preise: \u20ac 40,- bis 30.06.; ab 01.09.\u20ac 50,- 01.07.-31.08. In der K\u00fcche: Filterkaffeemaschine, Wasserkocher, Kocht\u00f6pfe, Pfanne, Teller, Besteck, Limo- &hellip; <\/p>\n<p class=\"link-more\"><a href=\"https:\/\/www.villa-mirta.com\/en\/apartment-seashell-starigrad-paklenica\" class=\"more-link\">Continue reading<span class=\"screen-reader-text\"> &#8222;Apt. Muschel&#8220;<\/span><\/a><\/p>","protected":false},"author":1,"featured_media":0,"parent":0,"menu_order":0,"comment_status":"closed","ping_status":"closed","template":"","meta":{"footnotes":""},"class_list":["post-24","page","type-page","status-publish","hentry"],"yoast_head":"<!-- This site is optimized with the Yoast SEO plugin v27.3 - https:\/\/yoast.com\/product\/yoast-seo-wordpress\/ -->\n<title>Apt. Muschel \u00b0 Villa Mirta - Appartements in Kroatien<\/title>\n<meta name=\"description\" content=\"{:de}Kroatienurlaub Meer und Klettern in Kroatien: Aktiv- und Abenteuerurlaub in Starigrad Paklenica, Kroatien f\u00fcr Familien, Kletterer, Sportler und Naturfreunde{:en}Swimming and Climbing in Croatia: Activity and Adventure holiday in Starigrad Paklenica, Croatia for families, climbers, sportsmen and frined of the nature{:}\" \/>\n<meta name=\"robots\" content=\"index, follow, max-snippet:-1, max-image-preview:large, max-video-preview:-1\" \/>\n<link rel=\"canonical\" href=\"https:\/\/www.villa-mirta.com\/en\/apartment-seashell-starigrad-paklenica\/\" \/>\n<meta property=\"og:locale\" content=\"en_GB\" \/>\n<meta property=\"og:type\" content=\"article\" \/>\n<meta property=\"og:title\" content=\"Apt. Muschel \u00b0 Villa Mirta - Appartements in Kroatien\" \/>\n<meta property=\"og:description\" content=\"{:de}Kroatienurlaub Meer und Klettern in Kroatien: Aktiv- und Abenteuerurlaub in Starigrad Paklenica, Kroatien f\u00fcr Familien, Kletterer, Sportler und Naturfreunde{:en}Swimming and Climbing in Croatia: Activity and Adventure holiday in Starigrad Paklenica, Croatia for families, climbers, sportsmen and frined of the nature{:}\" \/>\n<meta property=\"og:url\" content=\"https:\/\/www.villa-mirta.com\/en\/apartment-seashell-starigrad-paklenica\/\" \/>\n<meta property=\"og:site_name\" content=\"Villa Mirta - Appartements in Kroatien\" \/>\n<meta property=\"article:publisher\" content=\"https:\/\/www.facebook.com\/VillaMirtaStarigradPaklenica\/\" \/>\n<meta property=\"article:modified_time\" content=\"2026-04-08T07:12:58+00:00\" \/>\n<meta property=\"og:image\" content=\"https:\/\/www.villa-mirta.com\/wp-content\/uploads\/studio-bett.jpeg\" \/>\n<meta name=\"twitter:label1\" content=\"Estimated reading time\" \/>\n\t<meta name=\"twitter:data1\" content=\"3 minutes\" \/>\n<script type=\"application\/ld+json\" class=\"yoast-schema-graph\">{\"@context\":\"https:\\\/\\\/schema.org\",\"@graph\":[{\"@type\":\"WebPage\",\"@id\":\"https:\\\/\\\/www.villa-mirta.com\\\/apartment-seashell-starigrad-paklenica\",\"url\":\"https:\\\/\\\/www.villa-mirta.com\\\/apartment-seashell-starigrad-paklenica\",\"name\":\"Apt. Muschel \u00b0 Villa Mirta - Appartements in Kroatien\",\"isPartOf\":{\"@id\":\"https:\\\/\\\/www.villa-mirta.com\\\/#website\"},\"primaryImageOfPage\":{\"@id\":\"https:\\\/\\\/www.villa-mirta.com\\\/apartment-seashell-starigrad-paklenica#primaryimage\"},\"image\":{\"@id\":\"https:\\\/\\\/www.villa-mirta.com\\\/apartment-seashell-starigrad-paklenica#primaryimage\"},\"thumbnailUrl\":\"https:\\\/\\\/www.villa-mirta.com\\\/wp-content\\\/uploads\\\/studio-bett.jpeg\",\"datePublished\":\"2013-07-29T07:52:02+00:00\",\"dateModified\":\"2026-04-08T07:12:58+00:00\",\"description\":\"{:de}Kroatienurlaub Meer und Klettern in Kroatien: Aktiv- und Abenteuerurlaub in Starigrad Paklenica, Kroatien f\u00fcr Familien, Kletterer, Sportler und Naturfreunde{:en}Swimming and Climbing in Croatia: Activity and Adventure holiday in Starigrad Paklenica, Croatia for families, climbers, sportsmen and frined of the nature{:}\",\"inLanguage\":\"en-GB\",\"potentialAction\":[{\"@type\":\"ReadAction\",\"target\":[\"https:\\\/\\\/www.villa-mirta.com\\\/apartment-seashell-starigrad-paklenica\"]}]},{\"@type\":\"ImageObject\",\"inLanguage\":\"en-GB\",\"@id\":\"https:\\\/\\\/www.villa-mirta.com\\\/apartment-seashell-starigrad-paklenica#primaryimage\",\"url\":\"https:\\\/\\\/www.villa-mirta.com\\\/wp-content\\\/uploads\\\/studio-bett.jpeg\",\"contentUrl\":\"https:\\\/\\\/www.villa-mirta.com\\\/wp-content\\\/uploads\\\/studio-bett.jpeg\"},{\"@type\":\"WebSite\",\"@id\":\"https:\\\/\\\/www.villa-mirta.com\\\/#website\",\"url\":\"https:\\\/\\\/www.villa-mirta.com\\\/\",\"name\":\"Villa Mirta - Appartements in Kroatien\",\"description\":\"Abenteuerurlaub f\u00fcr Familien, Kletterer und Naturfreunde\",\"potentialAction\":[{\"@type\":\"SearchAction\",\"target\":{\"@type\":\"EntryPoint\",\"urlTemplate\":\"https:\\\/\\\/www.villa-mirta.com\\\/?s={search_term_string}\"},\"query-input\":{\"@type\":\"PropertyValueSpecification\",\"valueRequired\":true,\"valueName\":\"search_term_string\"}}],\"inLanguage\":\"en-GB\"}]}<\/script>\n<!-- \/ Yoast SEO plugin. -->","yoast_head_json":{"title":"Apt. Muschel \u00b0 Villa Mirta - Appartements in Kroatien","description":"{:de}Kroatienurlaub Meer und Klettern in Kroatien: Aktiv- und Abenteuerurlaub in Starigrad Paklenica, Kroatien f\u00fcr Familien, Kletterer, Sportler und Naturfreunde{:en}Swimming and Climbing in Croatia: Activity and Adventure holiday in Starigrad Paklenica, Croatia for families, climbers, sportsmen and frined of the nature{:}","robots":{"index":"index","follow":"follow","max-snippet":"max-snippet:-1","max-image-preview":"max-image-preview:large","max-video-preview":"max-video-preview:-1"},"canonical":"https:\/\/www.villa-mirta.com\/en\/apartment-seashell-starigrad-paklenica\/","og_locale":"en_GB","og_type":"article","og_title":"Apt. Muschel \u00b0 Villa Mirta - Appartements in Kroatien","og_description":"{:de}Kroatienurlaub Meer und Klettern in Kroatien: Aktiv- und Abenteuerurlaub in Starigrad Paklenica, Kroatien f\u00fcr Familien, Kletterer, Sportler und Naturfreunde{:en}Swimming and Climbing in Croatia: Activity and Adventure holiday in Starigrad Paklenica, Croatia for families, climbers, sportsmen and frined of the nature{:}","og_url":"https:\/\/www.villa-mirta.com\/en\/apartment-seashell-starigrad-paklenica\/","og_site_name":"Villa Mirta - Appartements in Kroatien","article_publisher":"https:\/\/www.facebook.com\/VillaMirtaStarigradPaklenica\/","article_modified_time":"2026-04-08T07:12:58+00:00","og_image":[{"url":"https:\/\/www.villa-mirta.com\/wp-content\/uploads\/studio-bett.jpeg","type":"","width":"","height":""}],"twitter_misc":{"Estimated reading time":"3 minutes"},"schema":{"@context":"https:\/\/schema.org","@graph":[{"@type":"WebPage","@id":"https:\/\/www.villa-mirta.com\/apartment-seashell-starigrad-paklenica","url":"https:\/\/www.villa-mirta.com\/apartment-seashell-starigrad-paklenica","name":"Apt. Muschel \u00b0 Villa Mirta - Appartements in Kroatien","isPartOf":{"@id":"https:\/\/www.villa-mirta.com\/#website"},"primaryImageOfPage":{"@id":"https:\/\/www.villa-mirta.com\/apartment-seashell-starigrad-paklenica#primaryimage"},"image":{"@id":"https:\/\/www.villa-mirta.com\/apartment-seashell-starigrad-paklenica#primaryimage"},"thumbnailUrl":"https:\/\/www.villa-mirta.com\/wp-content\/uploads\/studio-bett.jpeg","datePublished":"2013-07-29T07:52:02+00:00","dateModified":"2026-04-08T07:12:58+00:00","description":"{:de}Kroatienurlaub Meer und Klettern in Kroatien: Aktiv- und Abenteuerurlaub in Starigrad Paklenica, Kroatien f\u00fcr Familien, Kletterer, Sportler und Naturfreunde{:en}Swimming and Climbing in Croatia: Activity and Adventure holiday in Starigrad Paklenica, Croatia for families, climbers, sportsmen and frined of the nature{:}","inLanguage":"en-GB","potentialAction":[{"@type":"ReadAction","target":["https:\/\/www.villa-mirta.com\/apartment-seashell-starigrad-paklenica"]}]},{"@type":"ImageObject","inLanguage":"en-GB","@id":"https:\/\/www.villa-mirta.com\/apartment-seashell-starigrad-paklenica#primaryimage","url":"https:\/\/www.villa-mirta.com\/wp-content\/uploads\/studio-bett.jpeg","contentUrl":"https:\/\/www.villa-mirta.com\/wp-content\/uploads\/studio-bett.jpeg"},{"@type":"WebSite","@id":"https:\/\/www.villa-mirta.com\/#website","url":"https:\/\/www.villa-mirta.com\/","name":"Villa Mirta - Appartements in Kroatien","description":"Adventure holiday for families, climbers and lovers of the nature","potentialAction":[{"@type":"SearchAction","target":{"@type":"EntryPoint","urlTemplate":"https:\/\/www.villa-mirta.com\/?s={search_term_string}"},"query-input":{"@type":"PropertyValueSpecification","valueRequired":true,"valueName":"search_term_string"}}],"inLanguage":"en-GB"}]}},"jetpack_sharing_enabled":true,"_links":{"self":[{"href":"https:\/\/www.villa-mirta.com\/en\/wp-json\/wp\/v2\/pages\/24","targetHints":{"allow":["GET"]}}],"collection":[{"href":"https:\/\/www.villa-mirta.com\/en\/wp-json\/wp\/v2\/pages"}],"about":[{"href":"https:\/\/www.villa-mirta.com\/en\/wp-json\/wp\/v2\/types\/page"}],"author":[{"embeddable":true,"href":"https:\/\/www.villa-mirta.com\/en\/wp-json\/wp\/v2\/users\/1"}],"replies":[{"embeddable":true,"href":"https:\/\/www.villa-mirta.com\/en\/wp-json\/wp\/v2\/comments?post=24"}],"version-history":[{"count":23,"href":"https:\/\/www.villa-mirta.com\/en\/wp-json\/wp\/v2\/pages\/24\/revisions"}],"predecessor-version":[{"id":1503,"href":"https:\/\/www.villa-mirta.com\/en\/wp-json\/wp\/v2\/pages\/24\/revisions\/1503"}],"wp:attachment":[{"href":"https:\/\/www.villa-mirta.com\/en\/wp-json\/wp\/v2\/media?parent=24"}],"curies":[{"name":"wp","href":"https:\/\/api.w.org\/{rel}","templated":true}]}}