{"id":1171,"date":"2019-01-13T14:18:51","date_gmt":"2019-01-13T13:18:51","guid":{"rendered":"https:\/\/www.villa-mirta.com\/?page_id=1171"},"modified":"2019-01-13T15:16:18","modified_gmt":"2019-01-13T14:16:18","slug":"data-protection","status":"publish","type":"page","link":"https:\/\/www.villa-mirta.com\/en\/data-protection","title":{"rendered":"Privacy statement"},"content":{"rendered":"<p> Our website (<a href=\"https:\/\/www.villa-mirta.com\/en\/\">www.villa-mirta.com<\/a>) does not collect or store any data.<\/p>\n\n\n\n<p>Our website is not using cookies or tracking functions to draw conclusions on your surfing behavior. There are links on our website, which lead to other websites hosted by other operators. Once you click on a link , which is leading you away from our website, we have no impact on how with your data is being dealt. <br>You can find more information about it on these websites.<\/p>\n\n\n\n<p>A social media plugin is integrated on our website, which is not controlled or managed by us.<\/p>\n\n\n\n<p><\/p>","protected":false},"excerpt":{"rendered":"<p>Unsere Webseite (www.villa-mirta.com) erhebt oder speichert keine Daten. Unsere Webseite verwendet keine Cookies oder Tracking-Funktionen, die R\u00fcckschl\u00fcsse auf Ihr Surfverhalten ziehen k\u00f6nnen. Auf unserer Webseite sind Links zu anderen Webseiten von anderen Betreibern eingebunden. Sobald Sie auf einen Link klicken, der von unserer Webseite wegf\u00fchrt, haben wir keinen Einfluss darauf, wie mit Ihren Daten umgegangen &hellip; <\/p>\n<p class=\"link-more\"><a href=\"https:\/\/www.villa-mirta.com\/en\/data-protection\" class=\"more-link\">Continue reading<span class=\"screen-reader-text\"> &#8222;Datenschutzerkl\u00e4rung&#8220;<\/span><\/a><\/p>","protected":false},"author":1,"featured_media":0,"parent":0,"menu_order":0,"comment_status":"closed","ping_status":"closed","template":"","meta":{"footnotes":""},"class_list":["post-1171","page","type-page","status-publish","hentry"],"yoast_head":"<!-- This site is optimized with the Yoast SEO plugin v27.3 - https:\/\/yoast.com\/product\/yoast-seo-wordpress\/ -->\n<title>Datenschutzerkl\u00e4rung \u00b0 Villa Mirta - Appartements in Kroatien<\/title>\n<meta name=\"robots\" content=\"index, follow, max-snippet:-1, max-image-preview:large, max-video-preview:-1\" \/>\n<link rel=\"canonical\" href=\"http:\/\/www.villa-mirta.com\/en\/data-protection\/\" \/>\n<meta property=\"og:locale\" content=\"en_GB\" \/>\n<meta property=\"og:type\" content=\"article\" \/>\n<meta property=\"og:title\" content=\"Datenschutzerkl\u00e4rung \u00b0 Villa Mirta - Appartements in Kroatien\" \/>\n<meta property=\"og:description\" content=\"Unsere Webseite (www.villa-mirta.com) erhebt oder speichert keine Daten. Unsere Webseite verwendet keine Cookies oder Tracking-Funktionen, die R\u00fcckschl\u00fcsse auf Ihr Surfverhalten ziehen k\u00f6nnen. Auf unserer Webseite sind Links zu anderen Webseiten von anderen Betreibern eingebunden. Sobald Sie auf einen Link klicken, der von unserer Webseite wegf\u00fchrt, haben wir keinen Einfluss darauf, wie mit Ihren Daten umgegangen &hellip; Continue reading &quot;Datenschutzerkl\u00e4rung&quot;\" \/>\n<meta property=\"og:url\" content=\"http:\/\/www.villa-mirta.com\/en\/data-protection\/\" \/>\n<meta property=\"og:site_name\" content=\"Villa Mirta - Appartements in Kroatien\" \/>\n<meta property=\"article:publisher\" content=\"https:\/\/www.facebook.com\/VillaMirtaStarigradPaklenica\/\" \/>\n<meta property=\"article:modified_time\" content=\"2019-01-13T14:16:18+00:00\" \/>\n<script type=\"application\/ld+json\" class=\"yoast-schema-graph\">{\"@context\":\"https:\\\/\\\/schema.org\",\"@graph\":[{\"@type\":\"WebPage\",\"@id\":\"http:\\\/\\\/www.villa-mirta.com\\\/de\\\/data-protection\",\"url\":\"http:\\\/\\\/www.villa-mirta.com\\\/de\\\/data-protection\",\"name\":\"Datenschutzerkl\u00e4rung \u00b0 Villa Mirta - Appartements in Kroatien\",\"isPartOf\":{\"@id\":\"https:\\\/\\\/www.villa-mirta.com\\\/#website\"},\"datePublished\":\"2019-01-13T13:18:51+00:00\",\"dateModified\":\"2019-01-13T14:16:18+00:00\",\"inLanguage\":\"en-GB\",\"potentialAction\":[{\"@type\":\"ReadAction\",\"target\":[\"http:\\\/\\\/www.villa-mirta.com\\\/de\\\/data-protection\"]}]},{\"@type\":\"WebSite\",\"@id\":\"https:\\\/\\\/www.villa-mirta.com\\\/#website\",\"url\":\"https:\\\/\\\/www.villa-mirta.com\\\/\",\"name\":\"Villa Mirta - Appartements in Kroatien\",\"description\":\"Abenteuerurlaub f\u00fcr Familien, Kletterer und Naturfreunde\",\"potentialAction\":[{\"@type\":\"SearchAction\",\"target\":{\"@type\":\"EntryPoint\",\"urlTemplate\":\"https:\\\/\\\/www.villa-mirta.com\\\/?s={search_term_string}\"},\"query-input\":{\"@type\":\"PropertyValueSpecification\",\"valueRequired\":true,\"valueName\":\"search_term_string\"}}],\"inLanguage\":\"en-GB\"}]}<\/script>\n<!-- \/ Yoast SEO plugin. -->","yoast_head_json":{"title":"Datenschutzerkl\u00e4rung \u00b0 Villa Mirta - Appartements in Kroatien","robots":{"index":"index","follow":"follow","max-snippet":"max-snippet:-1","max-image-preview":"max-image-preview:large","max-video-preview":"max-video-preview:-1"},"canonical":"http:\/\/www.villa-mirta.com\/en\/data-protection\/","og_locale":"en_GB","og_type":"article","og_title":"Datenschutzerkl\u00e4rung \u00b0 Villa Mirta - Appartements in Kroatien","og_description":"Unsere Webseite (www.villa-mirta.com) erhebt oder speichert keine Daten. Unsere Webseite verwendet keine Cookies oder Tracking-Funktionen, die R\u00fcckschl\u00fcsse auf Ihr Surfverhalten ziehen k\u00f6nnen. Auf unserer Webseite sind Links zu anderen Webseiten von anderen Betreibern eingebunden. Sobald Sie auf einen Link klicken, der von unserer Webseite wegf\u00fchrt, haben wir keinen Einfluss darauf, wie mit Ihren Daten umgegangen &hellip; Continue reading \"Datenschutzerkl\u00e4rung\"","og_url":"http:\/\/www.villa-mirta.com\/en\/data-protection\/","og_site_name":"Villa Mirta - Appartements in Kroatien","article_publisher":"https:\/\/www.facebook.com\/VillaMirtaStarigradPaklenica\/","article_modified_time":"2019-01-13T14:16:18+00:00","schema":{"@context":"https:\/\/schema.org","@graph":[{"@type":"WebPage","@id":"http:\/\/www.villa-mirta.com\/de\/data-protection","url":"http:\/\/www.villa-mirta.com\/de\/data-protection","name":"Datenschutzerkl\u00e4rung \u00b0 Villa Mirta - Appartements in Kroatien","isPartOf":{"@id":"https:\/\/www.villa-mirta.com\/#website"},"datePublished":"2019-01-13T13:18:51+00:00","dateModified":"2019-01-13T14:16:18+00:00","inLanguage":"en-GB","potentialAction":[{"@type":"ReadAction","target":["http:\/\/www.villa-mirta.com\/de\/data-protection"]}]},{"@type":"WebSite","@id":"https:\/\/www.villa-mirta.com\/#website","url":"https:\/\/www.villa-mirta.com\/","name":"Villa Mirta - Appartements in Kroatien","description":"Adventure holiday for families, climbers and lovers of the nature","potentialAction":[{"@type":"SearchAction","target":{"@type":"EntryPoint","urlTemplate":"https:\/\/www.villa-mirta.com\/?s={search_term_string}"},"query-input":{"@type":"PropertyValueSpecification","valueRequired":true,"valueName":"search_term_string"}}],"inLanguage":"en-GB"}]}},"jetpack_sharing_enabled":true,"_links":{"self":[{"href":"https:\/\/www.villa-mirta.com\/en\/wp-json\/wp\/v2\/pages\/1171","targetHints":{"allow":["GET"]}}],"collection":[{"href":"https:\/\/www.villa-mirta.com\/en\/wp-json\/wp\/v2\/pages"}],"about":[{"href":"https:\/\/www.villa-mirta.com\/en\/wp-json\/wp\/v2\/types\/page"}],"author":[{"embeddable":true,"href":"https:\/\/www.villa-mirta.com\/en\/wp-json\/wp\/v2\/users\/1"}],"replies":[{"embeddable":true,"href":"https:\/\/www.villa-mirta.com\/en\/wp-json\/wp\/v2\/comments?post=1171"}],"version-history":[{"count":0,"href":"https:\/\/www.villa-mirta.com\/en\/wp-json\/wp\/v2\/pages\/1171\/revisions"}],"wp:attachment":[{"href":"https:\/\/www.villa-mirta.com\/en\/wp-json\/wp\/v2\/media?parent=1171"}],"curies":[{"name":"wp","href":"https:\/\/api.w.org\/{rel}","templated":true}]}}